{"id":4966,"date":"2019-09-30T13:34:44","date_gmt":"2019-09-30T11:34:44","guid":{"rendered":"https:\/\/lkpab.se\/hitta-parkering\/"},"modified":"2025-12-19T07:34:40","modified_gmt":"2025-12-19T06:34:40","slug":"find-parking","status":"publish","type":"page","link":"https:\/\/wipit.lkpab.se\/en\/find-parking\/","title":{"rendered":"Hitta Parkering"},"content":{"rendered":"\t\t<div data-elementor-type=\"wp-page\" data-elementor-id=\"4966\" class=\"elementor elementor-4966 elementor-79\" data-elementor-post-type=\"page\">\n\t\t\t\t<div class=\"elementor-element elementor-element-7b0b022 elementor-hidden-desktop elementor-hidden-tablet elementor-hidden-mobile e-flex e-con-boxed e-con e-parent\" data-id=\"7b0b022\" data-element_type=\"container\" data-settings=\"{&quot;ekit_has_onepagescroll_dot&quot;:&quot;yes&quot;}\">\n\t\t\t\t\t<div class=\"e-con-inner\">\n\t\t<div class=\"elementor-element elementor-element-fb11267 e-con-full e-flex e-con e-child\" data-id=\"fb11267\" data-element_type=\"container\" data-settings=\"{&quot;ekit_has_onepagescroll_dot&quot;:&quot;yes&quot;}\">\n\t\t\t\t<div class=\"elementor-element elementor-element-3ea246d elementor-hidden-desktop elementor-hidden-tablet elementor-hidden-mobile elementor-widget elementor-widget-heading\" data-id=\"3ea246d\" data-element_type=\"widget\" data-settings=\"{&quot;ekit_we_effect_on&quot;:&quot;none&quot;}\" data-widget_type=\"heading.default\">\n\t\t\t\t\t<h2 class=\"elementor-heading-title elementor-size-default\">Hitta parkering\n<\/h2>\t\t\t\t<\/div>\n\t\t\t\t<div class=\"elementor-element elementor-element-af971d8 elementor-widget elementor-widget-heading\" data-id=\"af971d8\" data-element_type=\"widget\" data-settings=\"{&quot;ekit_we_effect_on&quot;:&quot;none&quot;}\" data-widget_type=\"heading.default\">\n\t\t\t\t\t<h2 class=\"elementor-heading-title elementor-size-default\">Find Parking\n<\/h2>\t\t\t\t<\/div>\n\t\t\t\t<div class=\"elementor-element elementor-element-59ab2ec elementor-widget elementor-widget-heading\" data-id=\"59ab2ec\" data-element_type=\"widget\" data-settings=\"{&quot;ekit_we_effect_on&quot;:&quot;none&quot;}\" data-widget_type=\"heading.default\">\n\t\t\t\t\t<h2 class=\"elementor-heading-title elementor-size-default\">Anv\u00e4nd kartan f\u00f6r att hitta en parkering som passar dig. Klicka p\u00e5 den anl\u00e4ggning du \u00e4r intresserad av och l\u00e4s mer!\n\n<\/h2>\t\t\t\t<\/div>\n\t\t\t\t<div class=\"elementor-element elementor-element-5877947 elementor-widget elementor-widget-text-editor\" data-id=\"5877947\" data-element_type=\"widget\" data-settings=\"{&quot;ekit_we_effect_on&quot;:&quot;none&quot;}\" data-widget_type=\"text-editor.default\">\n\t\t\t\t\t\t\t\t\t<p>Vi erbjuder olika sorters parkering: korttidsparkering, m\u00e5nadstillst\u00e5nd, veckotillst\u00e5nd eller fast plats. Klicka p\u00e5 den anl\u00e4ggning du \u00e4r intresserad av att st\u00e5 p\u00e5 f\u00f6r att se vad som g\u00e4ller f\u00f6r just den anl\u00e4ggningen. <br><br>Ut\u00f6ver de anl\u00e4ggningar som \u00e4r markerade p\u00e5 kartan ovan \u00f6vervakar vi \u00e4ven all parkering p\u00e5 gatumark och torg i Lund. Kommunen har tagit fram en karta \u00f6ver gatuparkering som du hittar nedan.<\/p>\t\t\t\t\t\t\t\t<\/div>\n\t\t\t\t<div class=\"elementor-element elementor-element-4189f05 elementor-widget elementor-widget-text-editor\" data-id=\"4189f05\" data-element_type=\"widget\" data-settings=\"{&quot;ekit_we_effect_on&quot;:&quot;none&quot;}\" data-widget_type=\"text-editor.default\">\n\t\t\t\t\t\t\t\t\t<p><span style=\"text-decoration: underline;\"><a href=\"https:\/\/geoportalen.lund.se\/portal\/apps\/instant\/basic\/index.html?appid=b45d32e35d16418c9b10f1d2b962e33d\" target=\"_blank\" rel=\"noreferrer noopener\">Karta \u00f6ver gatuparkering<\/a>.<\/span><\/p>\n<p>\u00c4r du intresserad av att hyra en plats hos oss? L\u00e4s mer under \u201dHyra P-plats\u201d i startmenyn.<\/p>\t\t\t\t\t\t\t\t<\/div>\n\t\t\t\t<div class=\"elementor-element elementor-element-99537e2 elementor-widget elementor-widget-heading\" data-id=\"99537e2\" data-element_type=\"widget\" data-settings=\"{&quot;ekit_we_effect_on&quot;:&quot;none&quot;}\" data-widget_type=\"heading.default\">\n\t\t\t\t\t<h2 class=\"elementor-heading-title elementor-size-default\"><span style=\"margin-top: 0px;margin-bottom: 0.5rem;line-height: 1.2;font-size: 32px;font-family: Mada, sans-serif;white-space: normal\">Hur s\u00f6ker jag p\u00e5 kartan?<\/span>\n<\/h2>\t\t\t\t<\/div>\n\t\t\t\t<div class=\"elementor-element elementor-element-32313b9 elementor-widget elementor-widget-text-editor\" data-id=\"32313b9\" data-element_type=\"widget\" data-settings=\"{&quot;ekit_we_effect_on&quot;:&quot;none&quot;}\" data-widget_type=\"text-editor.default\">\n\t\t\t\t\t\t\t\t\t<p>Du kan s\u00f6ka p\u00e5 kartan p\u00e5 flera olika s\u00e4tt.<\/p>\n<p><\/p>\n<p>Du kan dra dig runt med musen eller zooma in och ut genom att skrolla eller anv\u00e4nda plus- och minustecknen nere i v\u00e4nstra h\u00f6rnet.<\/p>\n<p><\/p>\n<p>Du kan \u00e4ven klicka p\u00e5 ikonen l\u00e4ngst till v\u00e4nster i det gr\u00e5 f\u00e4ltet l\u00e4ngst upp p\u00e5 kartan f\u00f6r att f\u00e5 fram en lista d\u00e4r du ser alla v\u00e5ra anl\u00e4ggningar sorterade efter inom- och utomhusparkering.<\/p>\n<p><\/p>\n<p>Om du vill s\u00f6ka p\u00e5 en specifik adress f\u00f6r att se om det finns n\u00e5gra anl\u00e4ggningar i n\u00e4rheten s\u00e5 klickar du p\u00e5 ikonen f\u00f6r &#8220;Visa st\u00f6rre karta&#8221; l\u00e4ngst till h\u00f6ger uppe i det gr\u00e5 f\u00e4ltet. Du blir d\u00e5 omdirigerad till en ny sida d\u00e4r du \u00e4ven kan se listan med anl\u00e4ggningar. L\u00e4ngst upp i listan, i det r\u00f6da f\u00e4ltet finns en ikon f\u00f6r f\u00f6rstoringsglas. Klicka p\u00e5 den och s\u00f6k fritt p\u00e5 adresser eller namn p\u00e5 specifika anl\u00e4ggningar.<\/p>\t\t\t\t\t\t\t\t<\/div>\n\t\t\t\t<div class=\"elementor-element elementor-element-d8372a6 elementor-widget elementor-widget-heading\" data-id=\"d8372a6\" data-element_type=\"widget\" data-settings=\"{&quot;ekit_we_effect_on&quot;:&quot;none&quot;}\" data-widget_type=\"heading.default\">\n\t\t\t\t\t<h2 class=\"elementor-heading-title elementor-size-default\"><span style=\"margin-top: 0px;margin-bottom: 0.5rem;line-height: 1.2;font-size: 32px;font-family: Mada, sans-serif;white-space: normal\">Pendlarparkering i Brunnsh\u00f6g<\/span><\/h2>\t\t\t\t<\/div>\n\t\t\t\t<div class=\"elementor-element elementor-element-bcf1dcf elementor-widget elementor-widget-text-editor\" data-id=\"bcf1dcf\" data-element_type=\"widget\" data-settings=\"{&quot;ekit_we_effect_on&quot;:&quot;none&quot;}\" data-widget_type=\"text-editor.default\">\n\t\t\t\t\t\t\t\t\t<p>I Brunnsh\u00f6g finns en pendlarparkering intill sp\u00e5rvagnsh\u00e5llplatsen <em>Brunnsh\u00f6gstorget<\/em>. H\u00e4r kan du parkera f\u00f6r 10 kr\/dygn om du har ett giltig f\u00e4rdbiljett till Lunds kollektivtrafik. Titta p\u00e5 kartan ovan f\u00f6r mer exakt platsangivelse.<\/p>\t\t\t\t\t\t\t\t<\/div>\n\t\t\t\t<\/div>\n\t\t<div class=\"elementor-element elementor-element-5177819 e-con-full e-flex e-con e-child\" data-id=\"5177819\" data-element_type=\"container\" data-settings=\"{&quot;ekit_has_onepagescroll_dot&quot;:&quot;yes&quot;}\">\n\t\t\t\t<div class=\"elementor-element elementor-element-d44fe48 elementor-widget elementor-widget-image\" data-id=\"d44fe48\" data-element_type=\"widget\" data-settings=\"{&quot;ekit_we_effect_on&quot;:&quot;none&quot;}\" data-widget_type=\"image.default\">\n\t\t\t\t\t\t\t\t\t\t\t\t\t\t\t<img fetchpriority=\"high\" decoding=\"async\" width=\"640\" height=\"707\" src=\"https:\/\/wipit.lkpab.se\/wp-content\/uploads\/2019\/10\/Grynmalaren2.jpg\" class=\"attachment-large size-large wp-image-4707\" alt=\"\" srcset=\"https:\/\/wipit.lkpab.se\/wp-content\/uploads\/2019\/10\/Grynmalaren2.jpg 827w, https:\/\/wipit.lkpab.se\/wp-content\/uploads\/2019\/10\/Grynmalaren2-271x300.jpg 271w, https:\/\/wipit.lkpab.se\/wp-content\/uploads\/2019\/10\/Grynmalaren2-768x849.jpg 768w\" sizes=\"(max-width: 640px) 100vw, 640px\" \/>\t\t\t\t\t\t\t\t\t\t\t\t\t\t\t<\/div>\n\t\t\t\t<\/div>\n\t\t\t\t\t<\/div>\n\t\t\t\t<\/div>\n\t\t<div class=\"elementor-element elementor-element-8085be7 e-flex e-con-boxed e-con e-parent\" data-id=\"8085be7\" data-element_type=\"container\" data-settings=\"{&quot;ekit_has_onepagescroll_dot&quot;:&quot;yes&quot;}\">\n\t\t\t\t\t<div class=\"e-con-inner\">\n\t\t<div class=\"elementor-element elementor-element-5647686 e-con-full e-flex e-con e-child\" data-id=\"5647686\" data-element_type=\"container\" data-settings=\"{&quot;ekit_has_onepagescroll_dot&quot;:&quot;yes&quot;}\">\n\t\t\t\t<div class=\"elementor-element elementor-element-b5fd5ec elementor-hidden-desktop elementor-hidden-tablet elementor-hidden-mobile elementor-widget elementor-widget-heading\" data-id=\"b5fd5ec\" data-element_type=\"widget\" data-settings=\"{&quot;ekit_we_effect_on&quot;:&quot;none&quot;}\" data-widget_type=\"heading.default\">\n\t\t\t\t\t<h2 class=\"elementor-heading-title elementor-size-default\">Hitta parkering\n<\/h2>\t\t\t\t<\/div>\n\t\t\t\t<div class=\"elementor-element elementor-element-46970b4 elementor-widget elementor-widget-heading\" data-id=\"46970b4\" data-element_type=\"widget\" data-settings=\"{&quot;ekit_we_effect_on&quot;:&quot;none&quot;}\" data-widget_type=\"heading.default\">\n\t\t\t\t\t<h2 class=\"elementor-heading-title elementor-size-default\">Find Parking\n<\/h2>\t\t\t\t<\/div>\n\t\t\t\t<div class=\"elementor-element elementor-element-9e9d68d elementor-widget elementor-widget-heading\" data-id=\"9e9d68d\" data-element_type=\"widget\" data-settings=\"{&quot;ekit_we_effect_on&quot;:&quot;none&quot;}\" data-widget_type=\"heading.default\">\n\t\t\t\t\t<h2 class=\"elementor-heading-title elementor-size-default\">Use the map above to find the best parking solution for you. Click on a parking icons to find out more about each facility. <\/h2>\t\t\t\t<\/div>\n\t\t\t\t<div class=\"elementor-element elementor-element-9ef8ad0 elementor-widget elementor-widget-html\" data-id=\"9ef8ad0\" data-element_type=\"widget\" data-settings=\"{&quot;ekit_we_effect_on&quot;:&quot;none&quot;}\" data-widget_type=\"html.default\">\n\t\t\t\t\t<p>We offer several parking solutions including short-term parking, digital monthly permits and designated parking spots. Click on your preferred location on the map to find out what\u2019s available in that particular facility.<\/p>\t\t\t\t<\/div>\n\t\t\t\t<div class=\"elementor-element elementor-element-3aa180f elementor-widget elementor-widget-html\" data-id=\"3aa180f\" data-element_type=\"widget\" data-settings=\"{&quot;ekit_we_effect_on&quot;:&quot;none&quot;}\" data-widget_type=\"html.default\">\n\t\t\t\t\t<p>In addition to the parking facilities shown on the map, we also manage the administration and permit sales for all parking spaces on the streets and squares of Lund.<\/p>\t\t\t\t<\/div>\n\t\t\t\t<div class=\"elementor-element elementor-element-dcdf6c9 elementor-widget elementor-widget-html\" data-id=\"dcdf6c9\" data-element_type=\"widget\" data-settings=\"{&quot;ekit_we_effect_on&quot;:&quot;none&quot;}\" data-widget_type=\"html.default\">\n\t\t\t\t\t<p>Would you like to rent a parking space? Go to the start menu and select \u201cRent a parking space\u201d for more information.<\/p>\t\t\t\t<\/div>\n\t\t\t\t<div class=\"elementor-element elementor-element-d5bf3c4 elementor-widget elementor-widget-heading\" data-id=\"d5bf3c4\" data-element_type=\"widget\" data-settings=\"{&quot;ekit_we_effect_on&quot;:&quot;none&quot;}\" data-widget_type=\"heading.default\">\n\t\t\t\t\t<h2 class=\"elementor-heading-title elementor-size-default\">How do I use the map?<\/h2>\t\t\t\t<\/div>\n\t\t\t\t<div class=\"elementor-element elementor-element-d1182ed elementor-widget elementor-widget-text-editor\" data-id=\"d1182ed\" data-element_type=\"widget\" data-settings=\"{&quot;ekit_we_effect_on&quot;:&quot;none&quot;}\" data-widget_type=\"text-editor.default\">\n\t\t\t\t\t\t\t\t\tThere are several ways to use the map: \t\t\t\t\t\t\t\t<\/div>\n\t\t\t\t<div class=\"elementor-element elementor-element-fcb53ee elementor-widget elementor-widget-text-editor\" data-id=\"fcb53ee\" data-element_type=\"widget\" data-settings=\"{&quot;ekit_we_effect_on&quot;:&quot;none&quot;}\" data-widget_type=\"text-editor.default\">\n\t\t\t\t\t\t\t\t\t<ul><li>Click and drag the map to move to different locations.<\/li><li>Zoom in and out by scrolling or using the plus and minus icons in the lower left corner.<\/li><li>Click on the icon to the left in the grey field above the map to view a list of all our indoor and outdoor parking facilities.<\/li><li>To find parking facilities close to a particular location, click on the icon \u201cVisa st\u00f6rre karta\u201d (\u201cShow Larger Map\u201d) to the far right in the grey field. You will now be redirected to a map and a list of parking facilities. Type a location, address or name of a specific parking facility in the red search field marked with a magnifying glass.<\/li><\/ul>\t\t\t\t\t\t\t\t<\/div>\n\t\t\t\t<div class=\"elementor-element elementor-element-92fd4bd elementor-widget elementor-widget-heading\" data-id=\"92fd4bd\" data-element_type=\"widget\" data-settings=\"{&quot;ekit_we_effect_on&quot;:&quot;none&quot;}\" data-widget_type=\"heading.default\">\n\t\t\t\t\t<h2 class=\"elementor-heading-title elementor-size-default\">The Commuter Parking in Brunnsh\u00f6g \n<\/h2>\t\t\t\t<\/div>\n\t\t\t\t<div class=\"elementor-element elementor-element-e921896 elementor-widget elementor-widget-html\" data-id=\"e921896\" data-element_type=\"widget\" data-settings=\"{&quot;ekit_we_effect_on&quot;:&quot;none&quot;}\" data-widget_type=\"html.default\">\n\t\t\t\t\t<p>Next to the tram stop Brunnsh\u00f6gstorget in Brunnsh\u00f6g you will find a convenient commuter car park. If you have a valid ticket for Lund\u2019s public transport system, Sk\u00e5netrafiken, the cost for the commuter car park is only 20 SEK\/day (24 h). Take a look at the map above for more detailed information on the location.<\/p>\t\t\t\t<\/div>\n\t\t\t\t<\/div>\n\t\t<div class=\"elementor-element elementor-element-5439612 e-con-full e-flex e-con e-child\" data-id=\"5439612\" data-element_type=\"container\" data-settings=\"{&quot;ekit_has_onepagescroll_dot&quot;:&quot;yes&quot;}\">\n\t\t\t\t<div class=\"elementor-element elementor-element-187d4cd elementor-widget elementor-widget-image\" data-id=\"187d4cd\" data-element_type=\"widget\" data-settings=\"{&quot;ekit_we_effect_on&quot;:&quot;none&quot;}\" data-widget_type=\"image.default\">\n\t\t\t\t\t\t\t\t\t\t\t\t\t\t\t<img fetchpriority=\"high\" decoding=\"async\" width=\"640\" height=\"707\" src=\"https:\/\/wipit.lkpab.se\/wp-content\/uploads\/2019\/10\/Grynmalaren2.jpg\" class=\"attachment-large size-large wp-image-4707\" alt=\"\" srcset=\"https:\/\/wipit.lkpab.se\/wp-content\/uploads\/2019\/10\/Grynmalaren2.jpg 827w, https:\/\/wipit.lkpab.se\/wp-content\/uploads\/2019\/10\/Grynmalaren2-271x300.jpg 271w, https:\/\/wipit.lkpab.se\/wp-content\/uploads\/2019\/10\/Grynmalaren2-768x849.jpg 768w\" sizes=\"(max-width: 640px) 100vw, 640px\" \/>\t\t\t\t\t\t\t\t\t\t\t\t\t\t\t<\/div>\n\t\t\t\t<\/div>\n\t\t\t\t\t<\/div>\n\t\t\t\t<\/div>\n\t\t\t\t<\/div>\n\t\t","protected":false},"excerpt":{"rendered":"<p>Hitta parkering Find Parking Anv\u00e4nd kartan f\u00f6r att hitta en parkering som&#8230;<\/p>\n","protected":false},"author":9,"featured_media":0,"parent":0,"menu_order":0,"comment_status":"closed","ping_status":"closed","template":"page-templates\/karta-page.php","meta":{"_acf_changed":false,"footnotes":""},"class_list":["post-4966","page","type-page","status-publish","hentry"],"acf":[],"featured_image_urls_v2":{"full":"","thumbnail":"","medium":"","medium_large":"","large":"","1536x1536":"","2048x2048":""},"post_excerpt_stackable_v2":"<p>Hitta parkering Find Parking Anv\u00e4nd kartan f\u00f6r att hitta en parkering som passar dig. Klicka p\u00e5 den anl\u00e4ggning du \u00e4r intresserad av och l\u00e4s mer! Vi erbjuder olika sorters parkering: korttidsparkering, m\u00e5nadstillst\u00e5nd, veckotillst\u00e5nd eller fast plats. Klicka p\u00e5 den anl\u00e4ggning du \u00e4r intresserad av att st\u00e5 p\u00e5 f\u00f6r att se vad som g\u00e4ller f\u00f6r just den anl\u00e4ggningen. Ut\u00f6ver de anl\u00e4ggningar som \u00e4r markerade p\u00e5 kartan ovan \u00f6vervakar vi \u00e4ven all parkering p\u00e5 gatumark och torg i Lund. Kommunen har tagit fram en karta \u00f6ver gatuparkering som du hittar nedan. Karta \u00f6ver gatuparkering. \u00c4r du intresserad av att hyra en plats&hellip;<\/p>\n","category_list_v2":"","author_info_v2":{"name":"Kommunikation","url":"https:\/\/wipit.lkpab.se\/en\/author\/lindblom\/"},"comments_num_v2":"0 comments","_links":{"self":[{"href":"https:\/\/wipit.lkpab.se\/en\/wp-json\/wp\/v2\/pages\/4966","targetHints":{"allow":["GET"]}}],"collection":[{"href":"https:\/\/wipit.lkpab.se\/en\/wp-json\/wp\/v2\/pages"}],"about":[{"href":"https:\/\/wipit.lkpab.se\/en\/wp-json\/wp\/v2\/types\/page"}],"author":[{"embeddable":true,"href":"https:\/\/wipit.lkpab.se\/en\/wp-json\/wp\/v2\/users\/9"}],"replies":[{"embeddable":true,"href":"https:\/\/wipit.lkpab.se\/en\/wp-json\/wp\/v2\/comments?post=4966"}],"version-history":[{"count":15,"href":"https:\/\/wipit.lkpab.se\/en\/wp-json\/wp\/v2\/pages\/4966\/revisions"}],"predecessor-version":[{"id":11778,"href":"https:\/\/wipit.lkpab.se\/en\/wp-json\/wp\/v2\/pages\/4966\/revisions\/11778"}],"wp:attachment":[{"href":"https:\/\/wipit.lkpab.se\/en\/wp-json\/wp\/v2\/media?parent=4966"}],"curies":[{"name":"wp","href":"https:\/\/api.w.org\/{rel}","templated":true}]}}